{"id":1050,"date":"2016-10-05T11:12:15","date_gmt":"2016-10-05T11:12:15","guid":{"rendered":"http:\/\/www.heloiseroth.com\/?page_id=1050"},"modified":"2016-10-05T17:09:24","modified_gmt":"2016-10-05T17:09:24","slug":"voix","status":"publish","type":"page","link":"https:\/\/www.heloiseroth.com\/?page_id=1050","title":{"rendered":"VOIX"},"content":{"rendered":"<p>&nbsp;<\/p>\n<p>H\u00e9lo\u00efse c&rsquo;est une voix particuli\u00e8re identifiable.<\/p>\n<p>Son annonce sur son r\u00e9pondeur suffirait presque \u00e0 vous convaincre &#8230;<\/p>\n<audio class=\"wp-audio-shortcode\" id=\"audio-1050-1\" preload=\"none\" style=\"width: 100%;\" controls=\"controls\"><source type=\"audio\/mpeg\" src=\"https:\/\/www.heloiseroth.com\/wp-content\/uploads\/2016\/10\/Nouvel-enregistrement-11.m4a?_=1\" \/><a href=\"https:\/\/www.heloiseroth.com\/wp-content\/uploads\/2016\/10\/Nouvel-enregistrement-11.m4a\">https:\/\/www.heloiseroth.com\/wp-content\/uploads\/2016\/10\/Nouvel-enregistrement-11.m4a<\/a><\/audio>\n<p>&nbsp;<\/p>\n<p>&nbsp;<\/p>\n<p>&nbsp;<\/p>\n","protected":false},"excerpt":{"rendered":"<p>&nbsp; H\u00e9lo\u00efse c&rsquo;est une voix particuli\u00e8re identifiable. Son annonce sur son r\u00e9pondeur suffirait presque \u00e0 vous convaincre &#8230; &nbsp; &nbsp; &nbsp;<\/p>\n","protected":false},"author":1,"featured_media":0,"parent":0,"menu_order":0,"comment_status":"closed","ping_status":"closed","template":"","meta":{"footnotes":""},"class_list":["post-1050","page","type-page","status-publish","hentry"],"_links":{"self":[{"href":"https:\/\/www.heloiseroth.com\/index.php?rest_route=\/wp\/v2\/pages\/1050","targetHints":{"allow":["GET"]}}],"collection":[{"href":"https:\/\/www.heloiseroth.com\/index.php?rest_route=\/wp\/v2\/pages"}],"about":[{"href":"https:\/\/www.heloiseroth.com\/index.php?rest_route=\/wp\/v2\/types\/page"}],"author":[{"embeddable":true,"href":"https:\/\/www.heloiseroth.com\/index.php?rest_route=\/wp\/v2\/users\/1"}],"replies":[{"embeddable":true,"href":"https:\/\/www.heloiseroth.com\/index.php?rest_route=%2Fwp%2Fv2%2Fcomments&post=1050"}],"version-history":[{"count":7,"href":"https:\/\/www.heloiseroth.com\/index.php?rest_route=\/wp\/v2\/pages\/1050\/revisions"}],"predecessor-version":[{"id":1166,"href":"https:\/\/www.heloiseroth.com\/index.php?rest_route=\/wp\/v2\/pages\/1050\/revisions\/1166"}],"wp:attachment":[{"href":"https:\/\/www.heloiseroth.com\/index.php?rest_route=%2Fwp%2Fv2%2Fmedia&parent=1050"}],"curies":[{"name":"wp","href":"https:\/\/api.w.org\/{rel}","templated":true}]}}