{"id":117,"date":"2014-12-05T12:56:32","date_gmt":"2014-12-05T12:56:32","guid":{"rendered":"http:\/\/www.heloiseroth.com\/?page_id=117"},"modified":"2017-09-15T11:05:53","modified_gmt":"2017-09-15T11:05:53","slug":"chanteuse","status":"publish","type":"page","link":"https:\/\/www.heloiseroth.com\/?page_id=117","title":{"rendered":"Interpr\u00e8te auteur et compositeur"},"content":{"rendered":"<div class=\"page\" title=\"Page 1\">\n<div class=\"layoutArea\">\n<div class=\"column\">\n<p style=\"text-align: justify;\">Auteur-compositeur Interpr\u00e8te membre de la SACEM.<\/p>\n<\/div>\n<p style=\"text-align: justify;\"><img loading=\"lazy\" decoding=\"async\" class=\"alignnone wp-image-168\" src=\"https:\/\/www.heloiseroth.com\/wp-content\/uploads\/2014\/12\/MG_6736E-300_36x24-300x200.jpg\" alt=\"_MG_6736E (300_36x24)\" width=\"300\" height=\"200\" srcset=\"https:\/\/www.heloiseroth.com\/wp-content\/uploads\/2014\/12\/MG_6736E-300_36x24-300x200.jpg 300w, https:\/\/www.heloiseroth.com\/wp-content\/uploads\/2014\/12\/MG_6736E-300_36x24-1024x682.jpg 1024w\" sizes=\"auto, (max-width: 300px) 100vw, 300px\" \/><\/p>\n<div class=\"column\">\n<p style=\"text-align: justify;\">\u00c0 Rome, elle commence \u00e0 \u00e9crire et composer ses premi\u00e8res chansons. \u00c0 son retour, elle s\u2019inscrit au Chantier, structure pour les jeunes chanteurs, auteurs et compositeurs.<\/p>\n<p style=\"text-align: justify;\">Elle y rencontre Michel Rivgauche qui l\u2019entend sur sc\u00e8ne et lui dit: \u00ab\u00a0Vous \u00eates une trag\u00e9dienne\u00a0\u00bb. Elle chante dans de nombreux bistrots de la Capitale. Elle reprend des cours de piano et de violoncelle et se met \u00e0 l\u2019accord\u00e9on. Elle suit des cours dans deux \u00e9coles de jazz : le Centre d\u2019informations musicales et ARPEJ. \u00c9l\u00e8ve de Julia Pelaez, Carole Hemart, \u00c9lise Caron et Eric Page.<\/p>\n<p style=\"text-align: justify;\">En 2003, pendant la semaine de la francophonie, elle est invit\u00e9e par l\u2019Ambassade de France pour une tourn\u00e9e de 5 dates au Chili. D\u00e8s son retour, elle compose des musiques de court-m\u00e9trages : 24h sur 24 d\u2019Antoine Rimbault, La place de la Nation, Esperanto et La Bo\u00eete d\u2019Oscar de Mathieu Guetta.<\/p>\n<p style=\"text-align: justify;\">Depuis d\u00e9but 2006, H\u00e9lo\u00efse R\u00f4th chante son propre r\u00e9pertoire qu&rsquo;elle compose et pour lequel \u00e9crit les textes.<\/p>\n<p style=\"text-align: justify;\">En 2007, elle rencontre Niob\u00e9 qui lui propose un duo \u00ab Embrasse-moi \u00bb qui para\u00eetra sur l\u2019album de \u00ab\u00a0En public \u00e0 F\u00e9camp\u00a0\u00bb et fait sa premi\u00e8re partie (soutien Adami) au Th\u00e9\u00e2tre Essa\u00efon.Soutenue \u00e9galement par Paris Jeunes Talents, elle r\u00e9alise une maquette \u00ab\u00a0Il demeure\u00a0\u00bb en 2009.<\/p>\n<p style=\"text-align: justify;\">Elle rencontre Julien Le Nagard, arrangeur-r\u00e9alisateur et enregistre son premier CD 12 titres au Studio Cbe en 2012 : Pr\u00eate-moi ta plume. Pour la sortie de cet album, elle fera deux r\u00e9sidences \u00e0 Paris : \u00c0 la Vieille Grille et au Th\u00e9\u00e2tre les D\u00e9chargeurs.\u00a0Elle pr\u00e9pare actuellement son nouvel\u00a0EP electro acid Jazz.<\/p>\n<p style=\"text-align: justify;\">\n<\/div>\n<\/div>\n<\/div>\n","protected":false},"excerpt":{"rendered":"<p>Auteur-compositeur Interpr\u00e8te membre de la SACEM. \u00c0 Rome, elle commence \u00e0 \u00e9crire et composer ses premi\u00e8res chansons. \u00c0 son retour, elle s\u2019inscrit au Chantier, structure pour les jeunes chanteurs, auteurs et compositeurs. Elle y rencontre Michel Rivgauche qui l\u2019entend sur sc\u00e8ne et lui dit: \u00ab\u00a0Vous \u00eates une trag\u00e9dienne\u00a0\u00bb. Elle chante dans de nombreux bistrots de [&hellip;]<\/p>\n","protected":false},"author":1,"featured_media":0,"parent":0,"menu_order":0,"comment_status":"closed","ping_status":"closed","template":"","meta":{"footnotes":""},"class_list":["post-117","page","type-page","status-publish","hentry"],"_links":{"self":[{"href":"https:\/\/www.heloiseroth.com\/index.php?rest_route=\/wp\/v2\/pages\/117","targetHints":{"allow":["GET"]}}],"collection":[{"href":"https:\/\/www.heloiseroth.com\/index.php?rest_route=\/wp\/v2\/pages"}],"about":[{"href":"https:\/\/www.heloiseroth.com\/index.php?rest_route=\/wp\/v2\/types\/page"}],"author":[{"embeddable":true,"href":"https:\/\/www.heloiseroth.com\/index.php?rest_route=\/wp\/v2\/users\/1"}],"replies":[{"embeddable":true,"href":"https:\/\/www.heloiseroth.com\/index.php?rest_route=%2Fwp%2Fv2%2Fcomments&post=117"}],"version-history":[{"count":37,"href":"https:\/\/www.heloiseroth.com\/index.php?rest_route=\/wp\/v2\/pages\/117\/revisions"}],"predecessor-version":[{"id":1431,"href":"https:\/\/www.heloiseroth.com\/index.php?rest_route=\/wp\/v2\/pages\/117\/revisions\/1431"}],"wp:attachment":[{"href":"https:\/\/www.heloiseroth.com\/index.php?rest_route=%2Fwp%2Fv2%2Fmedia&parent=117"}],"curies":[{"name":"wp","href":"https:\/\/api.w.org\/{rel}","templated":true}]}}