{"id":476,"date":"2014-12-11T13:06:06","date_gmt":"2014-12-11T13:06:06","guid":{"rendered":"http:\/\/www.heloiseroth.com\/?page_id=476"},"modified":"2024-01-10T15:27:44","modified_gmt":"2024-01-10T15:27:44","slug":"actualite","status":"publish","type":"page","link":"https:\/\/www.heloiseroth.com\/","title":{"rendered":"ACTUALIT\u00c9 MUSIQUE"},"content":{"rendered":"\n<div data-wp-interactive=\"core\/file\" class=\"wp-block-file\"><object data-wp-bind--hidden=\"!state.hasPdfPreview\" hidden class=\"wp-block-file__embed\" data=\"https:\/\/www.heloiseroth.com\/wp-content\/uploads\/2024\/01\/A5_FLYER_CINEMENCHANTE_FINAL.pdf\" type=\"application\/pdf\" style=\"width:100%;height:600px\" aria-label=\"Contenu embarqu\u00e9 A5_FLYER_CINEMENCHANTE_FINAL.\"><\/object><a id=\"wp-block-file--media-01ce0db7-a617-491f-8b11-553d90111376\" href=\"https:\/\/www.heloiseroth.com\/wp-content\/uploads\/2024\/01\/A5_FLYER_CINEMENCHANTE_FINAL.pdf\">A5_FLYER_CINEMENCHANTE_FINAL<\/a><a href=\"https:\/\/www.heloiseroth.com\/wp-content\/uploads\/2024\/01\/A5_FLYER_CINEMENCHANTE_FINAL.pdf\" class=\"wp-block-file__button wp-element-button\" download aria-describedby=\"wp-block-file--media-01ce0db7-a617-491f-8b11-553d90111376\"><\/a><\/div>\n\n\n\n<div class=\"wp-block-file\"><a href=\"https:\/\/www.heloiseroth.com\/wp-content\/uploads\/2016\/09\/H\u00e9lo\u00efse-R\u00f4th-3.jpg\" class=\"wp-block-file__button wp-element-button\" download><\/a><\/div>\n\n\n\n\n\n<div data-wp-interactive=\"core\/file\" class=\"wp-block-file\"><object data-wp-bind--hidden=\"!state.hasPdfPreview\" hidden class=\"wp-block-file__embed\" data=\"https:\/\/www.heloiseroth.com\/wp-content\/uploads\/2024\/01\/A5_FLYER_LESPARTOCHES_DINAL.pdf\" type=\"application\/pdf\" style=\"width:100%;height:600px\" aria-label=\"Contenu embarqu\u00e9 A5_FLYER_LESPARTOCHES_DINAL.\"><\/object><a id=\"wp-block-file--media-9b3ed136-60b5-4cff-8ac2-08217687f92f\" href=\"https:\/\/www.heloiseroth.com\/wp-content\/uploads\/2024\/01\/A5_FLYER_LESPARTOCHES_DINAL.pdf\">A5_FLYER_LESPARTOCHES_DINAL<\/a><a href=\"https:\/\/www.heloiseroth.com\/wp-content\/uploads\/2024\/01\/A5_FLYER_LESPARTOCHES_DINAL.pdf\" class=\"wp-block-file__button wp-element-button\" download aria-describedby=\"wp-block-file--media-9b3ed136-60b5-4cff-8ac2-08217687f92f\"><\/a><\/div>\n\n\n\n\n\n\n\n<div class=\"wp-block-media-text alignwide is-stacked-on-mobile\"><figure class=\"wp-block-media-text__media\"><\/figure><div class=\"wp-block-media-text__content\">\n<p><\/p>\n<\/div><\/div>\n\n\n\n<div class=\"wp-block-media-text alignwide is-stacked-on-mobile\"><figure class=\"wp-block-media-text__media\"><\/figure><div class=\"wp-block-media-text__content\">\n<p><\/p>\n<\/div><\/div>\n\n\n\n<div class=\"wp-block-file\"><a href=\"https:\/\/www.heloiseroth.com\/wp-content\/uploads\/2018\/12\/48268984_10218231229512287_5245572725451259904_n-1-1.jpg\" class=\"wp-block-file__button\" download aria-describedby=\"wp-block-file--media-7a3ab361-5a04-4b03-af4a-aba2fbf1130b\">T\u00e9l\u00e9charger<\/a><\/div>\n\n\n\n<figure class=\"wp-block-gallery has-nested-images columns-default is-cropped wp-block-gallery-1 is-layout-flex wp-block-gallery-is-layout-flex\"><\/figure>\n\n\n","protected":false},"excerpt":{"rendered":"","protected":false},"author":1,"featured_media":0,"parent":0,"menu_order":0,"comment_status":"closed","ping_status":"closed","template":"","meta":{"footnotes":""},"class_list":["post-476","page","type-page","status-publish","hentry"],"_links":{"self":[{"href":"https:\/\/www.heloiseroth.com\/index.php?rest_route=\/wp\/v2\/pages\/476","targetHints":{"allow":["GET"]}}],"collection":[{"href":"https:\/\/www.heloiseroth.com\/index.php?rest_route=\/wp\/v2\/pages"}],"about":[{"href":"https:\/\/www.heloiseroth.com\/index.php?rest_route=\/wp\/v2\/types\/page"}],"author":[{"embeddable":true,"href":"https:\/\/www.heloiseroth.com\/index.php?rest_route=\/wp\/v2\/users\/1"}],"replies":[{"embeddable":true,"href":"https:\/\/www.heloiseroth.com\/index.php?rest_route=%2Fwp%2Fv2%2Fcomments&post=476"}],"version-history":[{"count":149,"href":"https:\/\/www.heloiseroth.com\/index.php?rest_route=\/wp\/v2\/pages\/476\/revisions"}],"predecessor-version":[{"id":1429,"href":"https:\/\/www.heloiseroth.com\/index.php?rest_route=\/wp\/v2\/pages\/476\/revisions\/1429"}],"wp:attachment":[{"href":"https:\/\/www.heloiseroth.com\/index.php?rest_route=%2Fwp%2Fv2%2Fmedia&parent=476"}],"curies":[{"name":"wp","href":"https:\/\/api.w.org\/{rel}","templated":true}]}}