{"id":501,"date":"2014-12-11T13:20:38","date_gmt":"2014-12-11T13:20:38","guid":{"rendered":"http:\/\/www.heloiseroth.com\/?page_id=501"},"modified":"2016-10-05T13:35:49","modified_gmt":"2016-10-05T13:35:49","slug":"portraits","status":"publish","type":"page","link":"https:\/\/www.heloiseroth.com\/?page_id=501","title":{"rendered":"Portrait"},"content":{"rendered":"<p>&nbsp;<\/p>\n<p>Cr\u00e9dit photo : Guillaume Mangold<\/p>\n<p><a href=\"https:\/\/www.heloiseroth.com\/wp-content\/uploads\/2016\/09\/H\u00e9lo\u00efse-R\u00f4th-3.jpg\"><img loading=\"lazy\" decoding=\"async\" class=\"alignnone size-medium wp-image-1011\" src=\"https:\/\/www.heloiseroth.com\/wp-content\/uploads\/2016\/09\/H\u00e9lo\u00efse-R\u00f4th-3-261x300.jpg\" alt=\"heloise-roth-3\" width=\"261\" height=\"300\" srcset=\"https:\/\/www.heloiseroth.com\/wp-content\/uploads\/2016\/09\/H\u00e9lo\u00efse-R\u00f4th-3-261x300.jpg 261w, https:\/\/www.heloiseroth.com\/wp-content\/uploads\/2016\/09\/H\u00e9lo\u00efse-R\u00f4th-3-768x884.jpg 768w, https:\/\/www.heloiseroth.com\/wp-content\/uploads\/2016\/09\/H\u00e9lo\u00efse-R\u00f4th-3-890x1024.jpg 890w, https:\/\/www.heloiseroth.com\/wp-content\/uploads\/2016\/09\/H\u00e9lo\u00efse-R\u00f4th-3-624x718.jpg 624w\" sizes=\"auto, (max-width: 261px) 100vw, 261px\" \/><\/a>\u00a0\u00a0<a href=\"https:\/\/www.heloiseroth.com\/wp-content\/uploads\/2016\/09\/H\u00e9lo\u00efse-R\u00f4th-2.jpg\"><img loading=\"lazy\" decoding=\"async\" class=\"alignnone size-medium wp-image-1008\" src=\"https:\/\/www.heloiseroth.com\/wp-content\/uploads\/2016\/09\/H\u00e9lo\u00efse-R\u00f4th-2-188x300.jpg\" alt=\"heloise-roth-2\" width=\"188\" height=\"300\" srcset=\"https:\/\/www.heloiseroth.com\/wp-content\/uploads\/2016\/09\/H\u00e9lo\u00efse-R\u00f4th-2-188x300.jpg 188w, https:\/\/www.heloiseroth.com\/wp-content\/uploads\/2016\/09\/H\u00e9lo\u00efse-R\u00f4th-2-768x1226.jpg 768w, https:\/\/www.heloiseroth.com\/wp-content\/uploads\/2016\/09\/H\u00e9lo\u00efse-R\u00f4th-2-642x1024.jpg 642w, https:\/\/www.heloiseroth.com\/wp-content\/uploads\/2016\/09\/H\u00e9lo\u00efse-R\u00f4th-2-624x996.jpg 624w, https:\/\/www.heloiseroth.com\/wp-content\/uploads\/2016\/09\/H\u00e9lo\u00efse-R\u00f4th-2.jpg 1925w\" sizes=\"auto, (max-width: 188px) 100vw, 188px\" \/><\/a><\/p>\n<p>&nbsp;<\/p>\n<p><strong><a title=\"Photos\" href=\"http:\/\/benloy-photographe.com\" target=\"_blank\">\u00a9Benloy<\/a><\/strong><\/p>\n<p><a href=\"https:\/\/www.heloiseroth.com\/wp-content\/uploads\/2016\/10\/IMG_0009_1nbe300-copy.jpg\"><img loading=\"lazy\" decoding=\"async\" class=\"alignnone size-medium wp-image-1089\" src=\"https:\/\/www.heloiseroth.com\/wp-content\/uploads\/2016\/10\/IMG_0009_1nbe300-copy-200x300.jpg\" alt=\"img_0009_1nbe300-copy\" width=\"200\" height=\"300\" srcset=\"https:\/\/www.heloiseroth.com\/wp-content\/uploads\/2016\/10\/IMG_0009_1nbe300-copy-200x300.jpg 200w, https:\/\/www.heloiseroth.com\/wp-content\/uploads\/2016\/10\/IMG_0009_1nbe300-copy-768x1152.jpg 768w, https:\/\/www.heloiseroth.com\/wp-content\/uploads\/2016\/10\/IMG_0009_1nbe300-copy-683x1024.jpg 683w, https:\/\/www.heloiseroth.com\/wp-content\/uploads\/2016\/10\/IMG_0009_1nbe300-copy-624x936.jpg 624w\" sizes=\"auto, (max-width: 200px) 100vw, 200px\" \/><\/a><\/p>\n<p>Photo Hexagone<\/p>\n<p>&nbsp;<\/p>\n<p><a href=\"https:\/\/www.heloiseroth.com\/wp-content\/uploads\/2016\/10\/heloise-roth-03-03-2015@david-desreumaux-8694-890x395_c.jpg\"><img loading=\"lazy\" decoding=\"async\" class=\"alignnone size-medium wp-image-1087\" src=\"https:\/\/www.heloiseroth.com\/wp-content\/uploads\/2016\/10\/heloise-roth-03-03-2015@david-desreumaux-8694-890x395_c-300x133.jpg\" alt=\"heloise-roth-03-03-2015david-desreumaux-8694-890x395_c\" width=\"300\" height=\"133\" srcset=\"https:\/\/www.heloiseroth.com\/wp-content\/uploads\/2016\/10\/heloise-roth-03-03-2015@david-desreumaux-8694-890x395_c-300x133.jpg 300w, https:\/\/www.heloiseroth.com\/wp-content\/uploads\/2016\/10\/heloise-roth-03-03-2015@david-desreumaux-8694-890x395_c-768x341.jpg 768w, https:\/\/www.heloiseroth.com\/wp-content\/uploads\/2016\/10\/heloise-roth-03-03-2015@david-desreumaux-8694-890x395_c-624x277.jpg 624w, https:\/\/www.heloiseroth.com\/wp-content\/uploads\/2016\/10\/heloise-roth-03-03-2015@david-desreumaux-8694-890x395_c.jpg 890w\" sizes=\"auto, (max-width: 300px) 100vw, 300px\" \/><\/a><\/p>\n<p><strong><a title=\"Photos\" href=\"http:\/\/benloy-photographe.com\" target=\"_blank\">\u00a9Benloy<\/a><\/strong><\/p>\n<p><a href=\"https:\/\/www.heloiseroth.com\/wp-content\/uploads\/2014\/12\/28E300.jpg\"><img loading=\"lazy\" decoding=\"async\" class=\"alignnone size-medium wp-image-303\" src=\"https:\/\/www.heloiseroth.com\/wp-content\/uploads\/2014\/12\/28E300-300x200.jpg\" alt=\"28(E300)\" width=\"300\" height=\"200\" srcset=\"https:\/\/www.heloiseroth.com\/wp-content\/uploads\/2014\/12\/28E300-300x200.jpg 300w, https:\/\/www.heloiseroth.com\/wp-content\/uploads\/2014\/12\/28E300-1024x682.jpg 1024w, https:\/\/www.heloiseroth.com\/wp-content\/uploads\/2014\/12\/28E300-624x416.jpg 624w\" sizes=\"auto, (max-width: 300px) 100vw, 300px\" \/><\/a><\/p>\n<p>&nbsp;<\/p>\n<p><a href=\"https:\/\/www.heloiseroth.com\/wp-content\/uploads\/2014\/12\/MG_6699E-300_36x24.jpg\"><img loading=\"lazy\" decoding=\"async\" class=\"alignnone size-medium wp-image-292\" src=\"https:\/\/www.heloiseroth.com\/wp-content\/uploads\/2014\/12\/MG_6699E-300_36x24-300x200.jpg\" alt=\"_MG_6699E (300_36x24)\" width=\"300\" height=\"200\" srcset=\"https:\/\/www.heloiseroth.com\/wp-content\/uploads\/2014\/12\/MG_6699E-300_36x24-300x200.jpg 300w, https:\/\/www.heloiseroth.com\/wp-content\/uploads\/2014\/12\/MG_6699E-300_36x24-1024x682.jpg 1024w, https:\/\/www.heloiseroth.com\/wp-content\/uploads\/2014\/12\/MG_6699E-300_36x24-624x416.jpg 624w\" sizes=\"auto, (max-width: 300px) 100vw, 300px\" \/><\/a>\u00a0 \u00a0<a href=\"https:\/\/www.heloiseroth.com\/wp-content\/uploads\/2014\/12\/MG_6608E-300_36x24.jpg\"><img loading=\"lazy\" decoding=\"async\" class=\"alignnone size-medium wp-image-287\" src=\"https:\/\/www.heloiseroth.com\/wp-content\/uploads\/2014\/12\/MG_6608E-300_36x24-224x300.jpg\" alt=\"_MG_6608E (300_36x24)\" width=\"224\" height=\"300\" srcset=\"https:\/\/www.heloiseroth.com\/wp-content\/uploads\/2014\/12\/MG_6608E-300_36x24-224x300.jpg 224w, https:\/\/www.heloiseroth.com\/wp-content\/uploads\/2014\/12\/MG_6608E-300_36x24-764x1024.jpg 764w, https:\/\/www.heloiseroth.com\/wp-content\/uploads\/2014\/12\/MG_6608E-300_36x24-624x835.jpg 624w\" sizes=\"auto, (max-width: 224px) 100vw, 224px\" \/><\/a><\/p>\n<p>&nbsp;<\/p>\n<p><a href=\"https:\/\/www.heloiseroth.com\/wp-content\/uploads\/2014\/12\/IMG_8229.jpg\"><img loading=\"lazy\" decoding=\"async\" class=\"alignnone wp-image-267\" src=\"https:\/\/www.heloiseroth.com\/wp-content\/uploads\/2014\/12\/H\u00e9LO\u00cfSE-8064bG4-copie-300x194.jpg\" alt=\"H\u00e9LO\u00cfSE 8064bG4 copie\" width=\"306\" height=\"198\" srcset=\"https:\/\/www.heloiseroth.com\/wp-content\/uploads\/2014\/12\/H\u00e9LO\u00cfSE-8064bG4-copie-300x194.jpg 300w, https:\/\/www.heloiseroth.com\/wp-content\/uploads\/2014\/12\/H\u00e9LO\u00cfSE-8064bG4-copie-1024x664.jpg 1024w, https:\/\/www.heloiseroth.com\/wp-content\/uploads\/2014\/12\/H\u00e9LO\u00cfSE-8064bG4-copie-624x404.jpg 624w\" sizes=\"auto, (max-width: 306px) 100vw, 306px\" \/><\/a><\/p>\n","protected":false},"excerpt":{"rendered":"<p>&nbsp; Cr\u00e9dit photo : Guillaume Mangold \u00a0\u00a0 &nbsp; \u00a9Benloy Photo Hexagone &nbsp; \u00a9Benloy &nbsp; \u00a0 \u00a0 &nbsp;<\/p>\n","protected":false},"author":1,"featured_media":0,"parent":0,"menu_order":0,"comment_status":"closed","ping_status":"closed","template":"","meta":{"footnotes":""},"class_list":["post-501","page","type-page","status-publish","hentry"],"_links":{"self":[{"href":"https:\/\/www.heloiseroth.com\/index.php?rest_route=\/wp\/v2\/pages\/501","targetHints":{"allow":["GET"]}}],"collection":[{"href":"https:\/\/www.heloiseroth.com\/index.php?rest_route=\/wp\/v2\/pages"}],"about":[{"href":"https:\/\/www.heloiseroth.com\/index.php?rest_route=\/wp\/v2\/types\/page"}],"author":[{"embeddable":true,"href":"https:\/\/www.heloiseroth.com\/index.php?rest_route=\/wp\/v2\/users\/1"}],"replies":[{"embeddable":true,"href":"https:\/\/www.heloiseroth.com\/index.php?rest_route=%2Fwp%2Fv2%2Fcomments&post=501"}],"version-history":[{"count":23,"href":"https:\/\/www.heloiseroth.com\/index.php?rest_route=\/wp\/v2\/pages\/501\/revisions"}],"predecessor-version":[{"id":1109,"href":"https:\/\/www.heloiseroth.com\/index.php?rest_route=\/wp\/v2\/pages\/501\/revisions\/1109"}],"wp:attachment":[{"href":"https:\/\/www.heloiseroth.com\/index.php?rest_route=%2Fwp%2Fv2%2Fmedia&parent=501"}],"curies":[{"name":"wp","href":"https:\/\/api.w.org\/{rel}","templated":true}]}}