{"id":52,"date":"2014-12-05T12:46:05","date_gmt":"2014-12-05T12:46:05","guid":{"rendered":"http:\/\/www.heloiseroth.com\/?page_id=52"},"modified":"2017-11-13T12:01:07","modified_gmt":"2017-11-13T12:01:07","slug":"video","status":"publish","type":"page","link":"https:\/\/www.heloiseroth.com\/?page_id=52","title":{"rendered":"Vid\u00e9o"},"content":{"rendered":"<p><strong>Mourir Debout ( extrait du\u00a0nouvel album \u00a0\u00bb Je suis envie\u00a0\u00bb)\u00a0<\/strong><\/p>\n<p><iframe loading=\"lazy\" title=\"Mourir debout H\u00e9lo\u00efse R\u00f4th\" width=\"625\" height=\"469\" src=\"https:\/\/www.youtube.com\/embed\/dNY86wsTk68?feature=oembed\" frameborder=\"0\" allow=\"accelerometer; autoplay; clipboard-write; encrypted-media; gyroscope; picture-in-picture; web-share\" referrerpolicy=\"strict-origin-when-cross-origin\" allowfullscreen><\/iframe><\/p>\n<p>&nbsp;<\/p>\n<p><strong>Face \u00e0 la\u00a0mer ( H\u00e9lo\u00efse R\u00f4th\/ Herv\u00e9 verdier) <\/strong><strong>concert \u00e0 la Menuiserie<\/strong><strong> R\u00e9alisation Camille Lafontaine<\/strong><\/p>\n<p><iframe loading=\"lazy\" title=\"HELOISE ROTH - Face A La Mer\" width=\"625\" height=\"352\" src=\"https:\/\/www.youtube.com\/embed\/VYzPvUeT0zA?feature=oembed\" frameborder=\"0\" allow=\"accelerometer; autoplay; clipboard-write; encrypted-media; gyroscope; picture-in-picture; web-share\" referrerpolicy=\"strict-origin-when-cross-origin\" allowfullscreen><\/iframe><\/p>\n<p class=\"yt\"><strong><span id=\"eow-title\" class=\"watch-title long-title\" dir=\"ltr\" title=\"&amp;quot;Je suis venu vous voir&amp;quot; Mano solo Reprise H\u00e9lo\u00efse R\u00f4th Emmanuel Chehab\">Une reprise de Mano Solo \u00ab\u00a0Je suis venu vous voir\u00a0\u00bb par\u00a0H\u00e9lo\u00efse R\u00f4th et Emmanuel Chehab<\/span><\/strong><\/p>\n<p><iframe loading=\"lazy\" title=\"&quot;Je suis venu vous voir&quot; Mano solo Reprise H\u00e9lo\u00efse R\u00f4th Emmanuel Chehab\" width=\"625\" height=\"352\" src=\"https:\/\/www.youtube.com\/embed\/H5DZOf1ry8k?feature=oembed\" frameborder=\"0\" allow=\"accelerometer; autoplay; clipboard-write; encrypted-media; gyroscope; picture-in-picture; web-share\" referrerpolicy=\"strict-origin-when-cross-origin\" allowfullscreen><\/iframe><\/p>\n<p id=\"watch-headline-title\" class=\"yt\"><strong>Clip du morceau titre \u00a0de l&rsquo;album\u00a0\u00bbpr\u00eate-moi ta plume\u00a0\u00bb (nov 2012)<\/strong><\/p>\n<p><iframe loading=\"lazy\" title=\"Pre\u0302te-moi ta plume Clip He\u0301loi\u0308se Ro\u0302th.mov\" width=\"625\" height=\"352\" src=\"https:\/\/www.youtube.com\/embed\/cb8f3VVvDtw?feature=oembed\" frameborder=\"0\" allow=\"accelerometer; autoplay; clipboard-write; encrypted-media; gyroscope; picture-in-picture; web-share\" referrerpolicy=\"strict-origin-when-cross-origin\" allowfullscreen><\/iframe><\/p>\n<p id=\"watch-headline-title\" class=\"yt\"><strong>Adaptation et Interpr\u00e9tation H\u00e9lo\u00efse R\u00f4th de \u00ab\u00a0I&rsquo;ve seen that face before \u00ab\u00a0<\/strong>\u00a0( Piazzolla \/Grace Jones.) Julien Le Nagard \u00e0 la guitare et Herv\u00e9 Verdier \u00e0 la contrebasse.<\/p>\n<p><iframe loading=\"lazy\" title=\"H\u00e9lo\u00efse R\u00f4th:  &quot;OMBRE DE L&#039;ENVIE&quot;.mov\" width=\"625\" height=\"352\" src=\"https:\/\/www.youtube.com\/embed\/0IldFlQL4Wk?feature=oembed\" frameborder=\"0\" allow=\"accelerometer; autoplay; clipboard-write; encrypted-media; gyroscope; picture-in-picture; web-share\" referrerpolicy=\"strict-origin-when-cross-origin\" allowfullscreen><\/iframe><\/p>\n<p id=\"watch-headline-title\" class=\"yt\"><strong>Extrait du court m\u00e9trage \u00a0\u00bb la Bo\u00eete d&rsquo;Oscar\u00a0\u00bb de Mathieu Guetta.<\/strong><br \/>\nParoles et Musique: H\u00e9lo\u00efse R\u00f4th<br \/>\nArrangements: Antoine Pozzo di Borgo<\/p>\n<p><iframe loading=\"lazy\" title=\"H\u00e9lo\u00efse R\u00f4th &quot;Tout Passe&quot; extrait du court m\u00e9trage de Mathieu Guetta\" width=\"625\" height=\"469\" src=\"https:\/\/www.youtube.com\/embed\/WMMMMYV18ZY?feature=oembed\" frameborder=\"0\" allow=\"accelerometer; autoplay; clipboard-write; encrypted-media; gyroscope; picture-in-picture; web-share\" referrerpolicy=\"strict-origin-when-cross-origin\" allowfullscreen><\/iframe><\/p>\n<p>&nbsp;<\/p>\n","protected":false},"excerpt":{"rendered":"<p>Mourir Debout ( extrait du\u00a0nouvel album \u00a0\u00bb Je suis envie\u00a0\u00bb)\u00a0 &nbsp; Face \u00e0 la\u00a0mer ( H\u00e9lo\u00efse R\u00f4th\/ Herv\u00e9 verdier) concert \u00e0 la Menuiserie R\u00e9alisation Camille Lafontaine Une reprise de Mano Solo \u00ab\u00a0Je suis venu vous voir\u00a0\u00bb par\u00a0H\u00e9lo\u00efse R\u00f4th et Emmanuel Chehab Clip du morceau titre \u00a0de l&rsquo;album\u00a0\u00bbpr\u00eate-moi ta plume\u00a0\u00bb (nov 2012) Adaptation et Interpr\u00e9tation H\u00e9lo\u00efse [&hellip;]<\/p>\n","protected":false},"author":1,"featured_media":0,"parent":0,"menu_order":0,"comment_status":"closed","ping_status":"closed","template":"","meta":{"footnotes":""},"class_list":["post-52","page","type-page","status-publish","hentry"],"_links":{"self":[{"href":"https:\/\/www.heloiseroth.com\/index.php?rest_route=\/wp\/v2\/pages\/52","targetHints":{"allow":["GET"]}}],"collection":[{"href":"https:\/\/www.heloiseroth.com\/index.php?rest_route=\/wp\/v2\/pages"}],"about":[{"href":"https:\/\/www.heloiseroth.com\/index.php?rest_route=\/wp\/v2\/types\/page"}],"author":[{"embeddable":true,"href":"https:\/\/www.heloiseroth.com\/index.php?rest_route=\/wp\/v2\/users\/1"}],"replies":[{"embeddable":true,"href":"https:\/\/www.heloiseroth.com\/index.php?rest_route=%2Fwp%2Fv2%2Fcomments&post=52"}],"version-history":[{"count":16,"href":"https:\/\/www.heloiseroth.com\/index.php?rest_route=\/wp\/v2\/pages\/52\/revisions"}],"predecessor-version":[{"id":1310,"href":"https:\/\/www.heloiseroth.com\/index.php?rest_route=\/wp\/v2\/pages\/52\/revisions\/1310"}],"wp:attachment":[{"href":"https:\/\/www.heloiseroth.com\/index.php?rest_route=%2Fwp%2Fv2%2Fmedia&parent=52"}],"curies":[{"name":"wp","href":"https:\/\/api.w.org\/{rel}","templated":true}]}}