{"id":54,"date":"2014-12-05T12:46:23","date_gmt":"2014-12-05T12:46:23","guid":{"rendered":"http:\/\/www.heloiseroth.com\/?page_id=54"},"modified":"2016-10-05T18:54:24","modified_gmt":"2016-10-05T18:54:24","slug":"presse","status":"publish","type":"page","link":"https:\/\/www.heloiseroth.com\/?page_id=54","title":{"rendered":"Presse"},"content":{"rendered":"<h1 style=\"text-align: center;\">CLAM MAGAZINE<\/h1>\n<p style=\"text-align: center;\"><a href=\"https:\/\/www.heloiseroth.com\/wp-content\/uploads\/2014\/12\/H\u00e9lo\u00efse-Roth-Marc-Baptiste-2.jpg\"><img loading=\"lazy\" decoding=\"async\" class=\"alignnone size-medium wp-image-187\" src=\"https:\/\/www.heloiseroth.com\/wp-content\/uploads\/2014\/12\/H\u00e9lo\u00efse-Roth-Marc-Baptiste-2-300x200.jpg\" alt=\"H\u00e9lo\u00efse Roth-Marc Baptiste 2\" width=\"300\" height=\"200\" srcset=\"https:\/\/www.heloiseroth.com\/wp-content\/uploads\/2014\/12\/H\u00e9lo\u00efse-Roth-Marc-Baptiste-2-300x200.jpg 300w, https:\/\/www.heloiseroth.com\/wp-content\/uploads\/2014\/12\/H\u00e9lo\u00efse-Roth-Marc-Baptiste-2-1024x683.jpg 1024w, https:\/\/www.heloiseroth.com\/wp-content\/uploads\/2014\/12\/H\u00e9lo\u00efse-Roth-Marc-Baptiste-2.jpg 1228w\" sizes=\"auto, (max-width: 300px) 100vw, 300px\" \/><\/a><a href=\"https:\/\/www.heloiseroth.com\/wp-content\/uploads\/2014\/12\/H\u00e9lo\u00efse-Roth-Marc-Baptiste-31.jpg\"><img loading=\"lazy\" decoding=\"async\" class=\"alignnone size-medium wp-image-683\" src=\"https:\/\/www.heloiseroth.com\/wp-content\/uploads\/2014\/12\/H\u00e9lo\u00efse-Roth-Marc-Baptiste-31-225x300.jpg\" alt=\"H\u00e9lo\u00efse Roth-Marc Baptiste 3\" width=\"225\" height=\"300\" srcset=\"https:\/\/www.heloiseroth.com\/wp-content\/uploads\/2014\/12\/H\u00e9lo\u00efse-Roth-Marc-Baptiste-31-225x300.jpg 225w, https:\/\/www.heloiseroth.com\/wp-content\/uploads\/2014\/12\/H\u00e9lo\u00efse-Roth-Marc-Baptiste-31-768x1024.jpg 768w, https:\/\/www.heloiseroth.com\/wp-content\/uploads\/2014\/12\/H\u00e9lo\u00efse-Roth-Marc-Baptiste-31-624x831.jpg 624w, https:\/\/www.heloiseroth.com\/wp-content\/uploads\/2014\/12\/H\u00e9lo\u00efse-Roth-Marc-Baptiste-31.jpg 1240w\" sizes=\"auto, (max-width: 225px) 100vw, 225px\" \/><\/a><\/p>\n<h1 style=\"text-align: center;\">RUE DU TH\u00c9\u00c2TRE<\/h1>\n<p style=\"text-align: center;\"><a href=\"https:\/\/www.heloiseroth.com\/wp-content\/uploads\/2014\/12\/Image-5.jpg\"><img loading=\"lazy\" decoding=\"async\" class=\"alignnone size-medium wp-image-185\" src=\"https:\/\/www.heloiseroth.com\/wp-content\/uploads\/2014\/12\/Image-5-212x300.jpg\" alt=\"Image 5\" width=\"212\" height=\"300\" srcset=\"https:\/\/www.heloiseroth.com\/wp-content\/uploads\/2014\/12\/Image-5-212x300.jpg 212w, https:\/\/www.heloiseroth.com\/wp-content\/uploads\/2014\/12\/Image-5-723x1024.jpg 723w, https:\/\/www.heloiseroth.com\/wp-content\/uploads\/2014\/12\/Image-5.jpg 900w\" sizes=\"auto, (max-width: 212px) 100vw, 212px\" \/><\/a><\/p>\n<h1 style=\"text-align: center;\">FIGAROSCOPE<\/h1>\n<p style=\"text-align: center;\"><a href=\"https:\/\/www.heloiseroth.com\/wp-content\/uploads\/2014\/12\/Image.jpg\"><img loading=\"lazy\" decoding=\"async\" class=\"alignnone size-medium wp-image-184\" src=\"https:\/\/www.heloiseroth.com\/wp-content\/uploads\/2014\/12\/Image-212x300.jpg\" alt=\"Image\" width=\"212\" height=\"300\" srcset=\"https:\/\/www.heloiseroth.com\/wp-content\/uploads\/2014\/12\/Image-212x300.jpg 212w, https:\/\/www.heloiseroth.com\/wp-content\/uploads\/2014\/12\/Image-723x1024.jpg 723w, https:\/\/www.heloiseroth.com\/wp-content\/uploads\/2014\/12\/Image.jpg 900w\" sizes=\"auto, (max-width: 212px) 100vw, 212px\" \/><\/a><\/p>\n<h1 style=\"text-align: center;\">FIGARO BLOG<br \/>\n<a href=\"https:\/\/www.heloiseroth.com\/wp-content\/uploads\/2014\/12\/heloise_roth_heliotblog.gif\"><img loading=\"lazy\" decoding=\"async\" class=\"alignnone size-medium wp-image-183\" src=\"https:\/\/www.heloiseroth.com\/wp-content\/uploads\/2014\/12\/heloise_roth_heliotblog-201x300.gif\" alt=\"heloise_roth_heliotblog\" width=\"201\" height=\"300\" srcset=\"https:\/\/www.heloiseroth.com\/wp-content\/uploads\/2014\/12\/heloise_roth_heliotblog-201x300.gif 201w, https:\/\/www.heloiseroth.com\/wp-content\/uploads\/2014\/12\/heloise_roth_heliotblog-689x1024.gif 689w\" sizes=\"auto, (max-width: 201px) 100vw, 201px\" \/><\/a><\/h1>\n<h1 style=\"text-align: center;\"><\/h1>\n<h1 style=\"text-align: center;\">VSD<br \/>\n<a href=\"https:\/\/www.heloiseroth.com\/wp-content\/uploads\/2014\/12\/Image-29.jpg\"><img loading=\"lazy\" decoding=\"async\" class=\"alignnone size-medium wp-image-182\" src=\"https:\/\/www.heloiseroth.com\/wp-content\/uploads\/2014\/12\/Image-29-209x300.jpg\" alt=\"Image 29\" width=\"209\" height=\"300\" srcset=\"https:\/\/www.heloiseroth.com\/wp-content\/uploads\/2014\/12\/Image-29-209x300.jpg 209w, https:\/\/www.heloiseroth.com\/wp-content\/uploads\/2014\/12\/Image-29-713x1024.jpg 713w, https:\/\/www.heloiseroth.com\/wp-content\/uploads\/2014\/12\/Image-29.jpg 850w\" sizes=\"auto, (max-width: 209px) 100vw, 209px\" \/><\/a><\/h1>\n<h1 style=\"text-align: center;\"><\/h1>\n<h1 style=\"text-align: center;\">CHARLIE HEBDO<\/h1>\n<p><a href=\"https:\/\/www.heloiseroth.com\/wp-content\/uploads\/2014\/12\/Image-24.jpg\"><img loading=\"lazy\" decoding=\"async\" class=\"alignnone size-medium wp-image-181 aligncenter\" src=\"https:\/\/www.heloiseroth.com\/wp-content\/uploads\/2014\/12\/Image-24-209x300.jpg\" alt=\"Image 24\" width=\"209\" height=\"300\" srcset=\"https:\/\/www.heloiseroth.com\/wp-content\/uploads\/2014\/12\/Image-24-209x300.jpg 209w, https:\/\/www.heloiseroth.com\/wp-content\/uploads\/2014\/12\/Image-24-713x1024.jpg 713w, https:\/\/www.heloiseroth.com\/wp-content\/uploads\/2014\/12\/Image-24.jpg 850w\" sizes=\"auto, (max-width: 209px) 100vw, 209px\" \/><\/a><\/p>\n<p>&nbsp;<\/p>\n<p>&nbsp;<\/p>\n<p style=\"text-align: left;\"><strong>H\u00e9lo\u00efse Roth\u00a0\u00a0\u00a0<\/strong>\u00ab\u00a0Pr\u00eate moi ta plume\u00a0\u00bb<\/p>\n<div style=\"text-align: left;\"><em>\u00ab\u00a0Tout premier album fort r\u00e9ussi pour cette jeune chanteuse au beau temp\u00e9rament, \u00e0 la plume alerte et gouailleuse<\/em><\/div>\n<div style=\"text-align: left;\"><em>et au timbre de voix tr\u00e8s personnel. Tour \u00e0 tour forte et fragile, dr\u00f4le ou \u00e9mouvante, elle \u00e9claire ces 12 titres d&rsquo;une belle flamme \u00e0 l&rsquo;ironie tendre, et nous gratifie en sus d&rsquo;un bel in\u00e9dit de Boby Lapointe, \u00ab\u00a0Dans mon pays\u00a0\u00bb.<\/em><\/div>\n<div style=\"text-align: left;\"><em>A d\u00e9couvrir sans faute.\u00a0\u00bb<\/em><\/div>\n<div style=\"text-align: left;\"><\/div>\n<div style=\"text-align: left;\"><em>\u00a0&#8211; <strong>Patrick Engel , Commission d&rsquo;Ecoute des Discoth\u00e8ques de la Ville de Paris &#8211; 16 Octobre 2013-<\/strong><\/em><\/div>\n<div style=\"text-align: left;\"><\/div>\n<div style=\"text-align: left;\"><\/div>\n<div style=\"text-align: left;\"><\/div>\n<div style=\"text-align: left;\">\u00ab\u00a0ELLE SURGIT. UNE VOIX ACIDE ET CLAIRE ET EN M\u00caME TEMPS CHAUDE ET NUANC\u00c9E, FRAPPANTE COMME UNE TRACE LUDIQUE DE GOUAILLE. ELLE CONNAIT TOUT D\u00c9J\u00c0 DES \u00c9BLOUISSEMENTS COMME DES CRUAUT\u00c9S DE LA VIE. LE SPECTRE DE SON INSPIRATION EST LARGE. ELLE NE COPIE PERSONNE.\u00a0\u00bb<\/div>\n<div style=\"text-align: left;\"><\/div>\n<div style=\"text-align: left;\">FIGARO BLOG ARMELLE H\u00c9LIOT<\/div>\n","protected":false},"excerpt":{"rendered":"<p>CLAM MAGAZINE RUE DU TH\u00c9\u00c2TRE FIGAROSCOPE FIGARO BLOG VSD CHARLIE HEBDO &nbsp; &nbsp; H\u00e9lo\u00efse Roth\u00a0\u00a0\u00a0\u00ab\u00a0Pr\u00eate moi ta plume\u00a0\u00bb \u00ab\u00a0Tout premier album fort r\u00e9ussi pour cette jeune chanteuse au beau temp\u00e9rament, \u00e0 la plume alerte et gouailleuse et au timbre de voix tr\u00e8s personnel. Tour \u00e0 tour forte et fragile, dr\u00f4le ou \u00e9mouvante, elle \u00e9claire ces [&hellip;]<\/p>\n","protected":false},"author":1,"featured_media":0,"parent":0,"menu_order":0,"comment_status":"closed","ping_status":"closed","template":"","meta":{"footnotes":""},"class_list":["post-54","page","type-page","status-publish","hentry"],"_links":{"self":[{"href":"https:\/\/www.heloiseroth.com\/index.php?rest_route=\/wp\/v2\/pages\/54","targetHints":{"allow":["GET"]}}],"collection":[{"href":"https:\/\/www.heloiseroth.com\/index.php?rest_route=\/wp\/v2\/pages"}],"about":[{"href":"https:\/\/www.heloiseroth.com\/index.php?rest_route=\/wp\/v2\/types\/page"}],"author":[{"embeddable":true,"href":"https:\/\/www.heloiseroth.com\/index.php?rest_route=\/wp\/v2\/users\/1"}],"replies":[{"embeddable":true,"href":"https:\/\/www.heloiseroth.com\/index.php?rest_route=%2Fwp%2Fv2%2Fcomments&post=54"}],"version-history":[{"count":8,"href":"https:\/\/www.heloiseroth.com\/index.php?rest_route=\/wp\/v2\/pages\/54\/revisions"}],"predecessor-version":[{"id":1175,"href":"https:\/\/www.heloiseroth.com\/index.php?rest_route=\/wp\/v2\/pages\/54\/revisions\/1175"}],"wp:attachment":[{"href":"https:\/\/www.heloiseroth.com\/index.php?rest_route=%2Fwp%2Fv2%2Fmedia&parent=54"}],"curies":[{"name":"wp","href":"https:\/\/api.w.org\/{rel}","templated":true}]}}